{"id":4371,"date":"2025-03-27T13:08:36","date_gmt":"2025-03-27T13:08:36","guid":{"rendered":"https:\/\/reyswardrobe.com\/?post_type=product&#038;p=4371"},"modified":"2025-06-02T01:57:42","modified_gmt":"2025-06-02T00:57:42","slug":"uv-protection-upf-50-hummingbirds-and-flowers-for-sphynx-small-pets","status":"publish","type":"product","link":"https:\/\/reyswardrobe.com\/es_es\/producto\/uv-protection-upf-50-hummingbirds-and-flowers-for-sphynx-small-pets\/","title":{"rendered":"Protecci\u00f3n UV (UPF 50+) Colibr\u00edes y flores para Sphynx\/ Mascotas peque\u00f1as"},"content":{"rendered":"<p>Hecho a mano<\/p>\n<p>Env\u00edo desde una peque\u00f1a empresa de Reino Unido<\/p>\n<p>Materiales: Poliamida, Elastano<\/p>\n<p>Envoltorio de regalo disponible<\/p>\n<p>Prot\u00e9gete de los rayos del sol con este traje. Es perfecto para tomar el sol o pasear. \u00a1Tambi\u00e9n ser\u00e1 c\u00f3modo para moverse y SUPER FRESCO!<\/p>\n<p>El material tiene protecci\u00f3n UV (UPF50+), es transpirable, de secado r\u00e1pido y ligero.<\/p>\n<p>Dado que nuestros art\u00edculos se fabrican a mano por encargo, el plazo de entrega es de 1 a 2 semanas aproximadamente.<\/p>\n<p>Si tiene alguna pregunta, petici\u00f3n o simplemente quiere mantenerse en contacto mientras trabajamos en su producto, no dude en enviarnos un mensaje.<\/p>\n<p>Consulte la imagen para obtener una gu\u00eda de las tallas.<\/p>\n<p>Hecho de 82% Poliamida \/ 18% Elastano<\/p>","protected":false},"excerpt":{"rendered":"<p>Handmade Delivery from a small business in&nbsp;United Kingdom Materials: Polyamide, Elastane Gift wrapping available Be protected from the sun rays with this outfit. This makes it purrfect to wear while sunbathing or going for walks! It also will be comfortable to move around and SUPER COOL! The material is UV Protective (UPF 50+), breathable, fast [&hellip;]<\/p>\n","protected":false},"featured_media":4364,"comment_status":"open","ping_status":"closed","template":"","meta":{"_crdt_document":"","advanced_seo_description":"","jetpack_seo_html_title":"","jetpack_seo_noindex":false,"jetpack_post_was_ever_published":false,"jetpack_publicize_message":"","jetpack_publicize_feature_enabled":true,"jetpack_social_post_already_shared":true,"jetpack_social_options":{"image_generator_settings":{"template":"highway","default_image_id":0,"font":"","enabled":false},"version":2},"_wpas_customize_per_network":false},"product_brand":[],"product_cat":[1524,1431],"product_tag":[],"class_list":{"0":"post-4371","1":"product","2":"type-product","3":"status-publish","4":"has-post-thumbnail","6":"product_cat-onesie","7":"product_cat-uv-protection","8":"product_shipping_class-royal-mail-2nd-class","10":"first","11":"outofstock","12":"shipping-taxable","13":"purchasable","14":"product-type-variable"},"jetpack_publicize_connections":[],"jetpack_likes_enabled":true,"jetpack_sharing_enabled":true,"jetpack-related-posts":[],"_links":{"self":[{"href":"https:\/\/reyswardrobe.com\/es_es\/wp-json\/wp\/v2\/product\/4371","targetHints":{"allow":["GET"]}}],"collection":[{"href":"https:\/\/reyswardrobe.com\/es_es\/wp-json\/wp\/v2\/product"}],"about":[{"href":"https:\/\/reyswardrobe.com\/es_es\/wp-json\/wp\/v2\/types\/product"}],"replies":[{"embeddable":true,"href":"https:\/\/reyswardrobe.com\/es_es\/wp-json\/wp\/v2\/comments?post=4371"}],"wp:featuredmedia":[{"embeddable":true,"href":"https:\/\/reyswardrobe.com\/es_es\/wp-json\/wp\/v2\/media\/4364"}],"wp:attachment":[{"href":"https:\/\/reyswardrobe.com\/es_es\/wp-json\/wp\/v2\/media?parent=4371"}],"wp:term":[{"taxonomy":"product_brand","embeddable":true,"href":"https:\/\/reyswardrobe.com\/es_es\/wp-json\/wp\/v2\/product_brand?post=4371"},{"taxonomy":"product_cat","embeddable":true,"href":"https:\/\/reyswardrobe.com\/es_es\/wp-json\/wp\/v2\/product_cat?post=4371"},{"taxonomy":"product_tag","embeddable":true,"href":"https:\/\/reyswardrobe.com\/es_es\/wp-json\/wp\/v2\/product_tag?post=4371"}],"curies":[{"name":"wp","href":"https:\/\/api.w.org\/{rel}","templated":true}]}}