{"id":3491,"date":"2024-12-12T16:47:10","date_gmt":"2024-12-12T16:47:10","guid":{"rendered":"https:\/\/reyswardrobe.com\/?post_type=product&#038;p=3491"},"modified":"2024-12-12T16:58:09","modified_gmt":"2024-12-12T16:58:09","slug":"gift-cards-10-20-50","status":"publish","type":"product","link":"https:\/\/reyswardrobe.com\/es_es\/producto\/gift-cards-10-20-50\/","title":{"rendered":"Tarjetas regalo \u00a310, \u00a320 &amp; \u00a350"},"content":{"rendered":"<p>Las tarjetas regalo se adquieren en formato PDF (seleccione env\u00edo en 2\u00aa clase al realizar el pago).<br \/>Se pueden personalizar con su propio mensaje.<br \/>Las tarjetas regalo vienen con un c\u00f3digo personalizado generado que se puede utilizar al pagar.<br \/>Las tarjetas regalo se enviar\u00e1n por correo electr\u00f3nico a la direcci\u00f3n de correo electr\u00f3nico que a\u00f1ada a su pedido.<br \/>Su tarjeta regalo es v\u00e1lida durante un periodo de 12 meses a partir de la fecha de compra.<br \/>Tenga en cuenta que el c\u00f3digo es de un solo uso.<\/p>","protected":false},"excerpt":{"rendered":"<p>Gift cards are purchased as a PDF download (please select 2nd Class delivery at the checkout).They can be fully personalised with your own message.Gift cards come as a generated custom code which can be used at checkout.Gift cards will be issued via email to the email address you add to your order.Your gift card is [&hellip;]<\/p>\n","protected":false},"featured_media":3493,"comment_status":"open","ping_status":"closed","template":"","meta":{"_crdt_document":"","advanced_seo_description":"","jetpack_seo_html_title":"","jetpack_seo_noindex":false,"jetpack_post_was_ever_published":false,"jetpack_publicize_message":"","jetpack_publicize_feature_enabled":true,"jetpack_social_post_already_shared":true,"jetpack_social_options":{"image_generator_settings":{"template":"highway","default_image_id":0,"font":"","enabled":false},"version":2},"_wpas_customize_per_network":false},"product_brand":[],"product_cat":[],"product_tag":[],"class_list":{"0":"post-3491","1":"product","2":"type-product","3":"status-publish","4":"has-post-thumbnail","7":"first","8":"instock","9":"shipping-taxable","10":"purchasable","11":"product-type-variable","12":"has-default-attributes"},"jetpack_publicize_connections":[],"jetpack_likes_enabled":true,"jetpack_sharing_enabled":true,"jetpack-related-posts":[],"_links":{"self":[{"href":"https:\/\/reyswardrobe.com\/es_es\/wp-json\/wp\/v2\/product\/3491","targetHints":{"allow":["GET"]}}],"collection":[{"href":"https:\/\/reyswardrobe.com\/es_es\/wp-json\/wp\/v2\/product"}],"about":[{"href":"https:\/\/reyswardrobe.com\/es_es\/wp-json\/wp\/v2\/types\/product"}],"replies":[{"embeddable":true,"href":"https:\/\/reyswardrobe.com\/es_es\/wp-json\/wp\/v2\/comments?post=3491"}],"wp:featuredmedia":[{"embeddable":true,"href":"https:\/\/reyswardrobe.com\/es_es\/wp-json\/wp\/v2\/media\/3493"}],"wp:attachment":[{"href":"https:\/\/reyswardrobe.com\/es_es\/wp-json\/wp\/v2\/media?parent=3491"}],"wp:term":[{"taxonomy":"product_brand","embeddable":true,"href":"https:\/\/reyswardrobe.com\/es_es\/wp-json\/wp\/v2\/product_brand?post=3491"},{"taxonomy":"product_cat","embeddable":true,"href":"https:\/\/reyswardrobe.com\/es_es\/wp-json\/wp\/v2\/product_cat?post=3491"},{"taxonomy":"product_tag","embeddable":true,"href":"https:\/\/reyswardrobe.com\/es_es\/wp-json\/wp\/v2\/product_tag?post=3491"}],"curies":[{"name":"wp","href":"https:\/\/api.w.org\/{rel}","templated":true}]}}