{"id":2919,"date":"2024-09-25T16:47:40","date_gmt":"2024-09-25T15:47:40","guid":{"rendered":"https:\/\/reyswardrobe.com\/?post_type=product&#038;p=2919"},"modified":"2025-09-06T23:09:42","modified_gmt":"2025-09-06T22:09:42","slug":"the-grinch-outfit-for-sphynx-small-pets","status":"publish","type":"product","link":"https:\/\/reyswardrobe.com\/es_es\/producto\/the-grinch-outfit-for-sphynx-small-pets\/","title":{"rendered":"Traje del Grinch para Sphynx\/ Mascotas Peque\u00f1as"},"content":{"rendered":"<p>Hecho a mano<\/p>\n<p>Env\u00edo desde una peque\u00f1a empresa de Reino Unido<\/p>\n<p>Materiales: Algod\u00f3n, elastano<\/p>\n<p>Envoltorio de regalo disponible<\/p>\n<p>\u00abQuiz\u00e1 la Navidad (pens\u00f3) no venga de una tienda. Quiz\u00e1 la Navidad signifique un poco m\u00e1s\u00bb. - El Grinch<\/p>\n<p>Dado que nuestros art\u00edculos se fabrican a mano por encargo, el plazo de entrega es de 1 a 2 semanas aproximadamente.<\/p>\n<p>Si tiene alguna pregunta, petici\u00f3n o simplemente quiere mantenerse en contacto mientras trabajamos en su producto, no dude en enviarnos un mensaje.<\/p>\n<p>Consulte la imagen para obtener una gu\u00eda de las tallas.<\/p>\n<p>Hecho de 95% algod\u00f3n, 5% elastano y Vinilo de transferencia t\u00e9rmica<\/p>","protected":false},"excerpt":{"rendered":"<p>Handmade Delivery from a small business in&nbsp;United Kingdom Materials: Cotton, Elastane Gift wrapping available \u201cMaybe Christmas (he thought) doesn\u2019t come from a store. Maybe Christmas perhaps means a little bit more.\u201d \u2014 The Grinch As our items are handmade to order, please allow approx. 1- 2 weeks for dispatch. If you have any questions, requests, [&hellip;]<\/p>\n","protected":false},"featured_media":2918,"comment_status":"open","ping_status":"closed","template":"","meta":{"_crdt_document":"","advanced_seo_description":"","jetpack_seo_html_title":"","jetpack_seo_noindex":false,"jetpack_post_was_ever_published":false,"jetpack_publicize_message":"","jetpack_publicize_feature_enabled":true,"jetpack_social_post_already_shared":true,"jetpack_social_options":{"image_generator_settings":{"template":"highway","default_image_id":0,"font":"","enabled":false},"version":2},"_wpas_customize_per_network":false},"product_brand":[],"product_cat":[1449,1433],"product_tag":[],"class_list":{"0":"post-2919","1":"product","2":"type-product","3":"status-publish","4":"has-post-thumbnail","6":"product_cat-christmas","7":"product_cat-outfits","8":"product_shipping_class-royal-mail-2nd-class","10":"first","11":"instock","12":"shipping-taxable","13":"purchasable","14":"product-type-variable"},"jetpack_publicize_connections":[],"jetpack_likes_enabled":true,"jetpack_sharing_enabled":true,"jetpack-related-posts":[],"_links":{"self":[{"href":"https:\/\/reyswardrobe.com\/es_es\/wp-json\/wp\/v2\/product\/2919","targetHints":{"allow":["GET"]}}],"collection":[{"href":"https:\/\/reyswardrobe.com\/es_es\/wp-json\/wp\/v2\/product"}],"about":[{"href":"https:\/\/reyswardrobe.com\/es_es\/wp-json\/wp\/v2\/types\/product"}],"replies":[{"embeddable":true,"href":"https:\/\/reyswardrobe.com\/es_es\/wp-json\/wp\/v2\/comments?post=2919"}],"wp:featuredmedia":[{"embeddable":true,"href":"https:\/\/reyswardrobe.com\/es_es\/wp-json\/wp\/v2\/media\/2918"}],"wp:attachment":[{"href":"https:\/\/reyswardrobe.com\/es_es\/wp-json\/wp\/v2\/media?parent=2919"}],"wp:term":[{"taxonomy":"product_brand","embeddable":true,"href":"https:\/\/reyswardrobe.com\/es_es\/wp-json\/wp\/v2\/product_brand?post=2919"},{"taxonomy":"product_cat","embeddable":true,"href":"https:\/\/reyswardrobe.com\/es_es\/wp-json\/wp\/v2\/product_cat?post=2919"},{"taxonomy":"product_tag","embeddable":true,"href":"https:\/\/reyswardrobe.com\/es_es\/wp-json\/wp\/v2\/product_tag?post=2919"}],"curies":[{"name":"wp","href":"https:\/\/api.w.org\/{rel}","templated":true}]}}