{"id":1708,"date":"2024-04-13T19:17:43","date_gmt":"2024-04-13T18:17:43","guid":{"rendered":"https:\/\/reyswardrobe.com\/?post_type=product&#038;p=1708"},"modified":"2026-02-04T17:09:45","modified_gmt":"2026-02-04T17:09:45","slug":"dinos-and-cactus-jumper-for-sphynx-small-pets","status":"publish","type":"product","link":"https:\/\/reyswardrobe.com\/es_es\/producto\/dinos-and-cactus-jumper-for-sphynx-small-pets\/","title":{"rendered":"Jersey de Dinos y Cactus para Sphynx\/Mascotas Peque\u00f1as"},"content":{"rendered":"<p>Hecho a mano<\/p>\n<p>Env\u00edo desde una peque\u00f1a empresa de Reino Unido<\/p>\n<p>Materiales: Poli\u00e9ster, elastano<\/p>\n<p>Envoltorio de regalo disponible<\/p>\n<p>\"S\u00e9 siempre t\u00fa mismo a menos que puedas ser un dinosaurio, entonces s\u00e9 un dinosaurio\"\ud83d\ude00<\/p>\n<p>Dado que nuestros art\u00edculos se fabrican a mano por encargo, el plazo de entrega es de 1 a 2 semanas aproximadamente.<\/p>\n<p>Si tiene alguna pregunta, petici\u00f3n o simplemente quiere mantenerse en contacto mientras trabajamos en su producto, no dude en enviarnos un mensaje.<\/p>\n<p>Consulte la imagen para obtener una gu\u00eda de las tallas.<\/p>\n<p>Hecho de 95% Poli\u00e9ster, 5% elastano.<\/p>","protected":false},"excerpt":{"rendered":"<p>Handmade Delivery from a small business in\u00a0United Kingdom Materials: Polyester, Elastane Gift wrapping available &#8220;Always be yourself. Unless you can be a dinosaur, then be a dinosaur&#8221; \ud83d\ude00 As our items are handmade to order, please allow approx. 1 &#8211; 2 weeks for dispatch. If you have any questions, requests, or simply want to keep [&hellip;]<\/p>\n","protected":false},"featured_media":1699,"comment_status":"open","ping_status":"closed","template":"","meta":{"_crdt_document":"","advanced_seo_description":"","jetpack_seo_html_title":"","jetpack_seo_noindex":false,"jetpack_post_was_ever_published":false,"jetpack_publicize_message":"","jetpack_publicize_feature_enabled":true,"jetpack_social_post_already_shared":true,"jetpack_social_options":{"image_generator_settings":{"template":"highway","default_image_id":0,"font":"","enabled":false},"version":2},"_wpas_customize_per_network":false},"product_brand":[],"product_cat":[1434],"product_tag":[],"class_list":{"0":"post-1708","1":"product","2":"type-product","3":"status-publish","4":"has-post-thumbnail","6":"product_cat-jumpers","7":"product_shipping_class-royal-mail-2nd-class","9":"first","10":"instock","11":"shipping-taxable","12":"purchasable","13":"product-type-variable","14":"has-default-attributes"},"jetpack_publicize_connections":[],"jetpack_likes_enabled":true,"jetpack_sharing_enabled":true,"jetpack-related-posts":[],"_links":{"self":[{"href":"https:\/\/reyswardrobe.com\/es_es\/wp-json\/wp\/v2\/product\/1708","targetHints":{"allow":["GET"]}}],"collection":[{"href":"https:\/\/reyswardrobe.com\/es_es\/wp-json\/wp\/v2\/product"}],"about":[{"href":"https:\/\/reyswardrobe.com\/es_es\/wp-json\/wp\/v2\/types\/product"}],"replies":[{"embeddable":true,"href":"https:\/\/reyswardrobe.com\/es_es\/wp-json\/wp\/v2\/comments?post=1708"}],"wp:featuredmedia":[{"embeddable":true,"href":"https:\/\/reyswardrobe.com\/es_es\/wp-json\/wp\/v2\/media\/1699"}],"wp:attachment":[{"href":"https:\/\/reyswardrobe.com\/es_es\/wp-json\/wp\/v2\/media?parent=1708"}],"wp:term":[{"taxonomy":"product_brand","embeddable":true,"href":"https:\/\/reyswardrobe.com\/es_es\/wp-json\/wp\/v2\/product_brand?post=1708"},{"taxonomy":"product_cat","embeddable":true,"href":"https:\/\/reyswardrobe.com\/es_es\/wp-json\/wp\/v2\/product_cat?post=1708"},{"taxonomy":"product_tag","embeddable":true,"href":"https:\/\/reyswardrobe.com\/es_es\/wp-json\/wp\/v2\/product_tag?post=1708"}],"curies":[{"name":"wp","href":"https:\/\/api.w.org\/{rel}","templated":true}]}}